{"id":3047,"date":"2022-03-15T12:12:14","date_gmt":"2022-03-15T11:12:14","guid":{"rendered":"https:\/\/jadastroom.nl\/?post_type=product&#038;p=3047"},"modified":"2023-05-12T16:36:58","modified_gmt":"2023-05-12T14:36:58","slug":"3047","status":"publish","type":"product","link":"https:\/\/www.jadastroom.nl\/de\/winkel\/geen-categorie\/3047\/","title":{"rendered":"Bluetooth &#8211; Victron Energy MPPT Laadregelaar &#8211; Set Vast Zonnepaneel 400Wp"},"content":{"rendered":"<p>Fahren Sie dieses Jahr mit dem Boot, Wohnwagen oder Camper weg und m\u00f6chten Sie nicht ohne Strom dastehen?<br \/>\nDann ist dieses Solarpanel-Set ideal, da die Solarmodule Ihre Batterie automatisch laden.<br \/>\nDas Set ist sehr einfach anzuschlie\u00dfen, auch wenn Sie keine Erfahrung mit Solarmodulen haben. Dies liegt daran, dass das Set Plug-and-Play ist.<br \/>\nDar\u00fcber hinaus wird das Set mit einer Schritt-f\u00fcr-Schritt-Anleitung, einem Schaltplan und einer Bedienungsanleitung f\u00fcr den Laderegler geliefert. Sollten Sie noch Fragen haben, stehen wir Ihnen jederzeit zur Verf\u00fcgung!<\/p>\n<p><strong>Dieses Set enth\u00e4lt<\/strong><\/p>\n<div dir=\"auto\">4 x vast zonnepaneel 100Wp<\/div>\n<div dir=\"auto\">1 x MPPT-Laderegler Victron Energy 100\/30 mit Bluetooth (inklusive Bedienungsanleitung)<\/div>\n<div dir=\"auto\">4 x montagebeugel set (1 set bestaat uit 4 hoekstukken en 2 stukken voor in het midden)<\/div>\n<div dir=\"auto\">1 x Schaltplan<\/div>\n<div dir=\"auto\">1 x Dachdurchf\u00fchrung<\/div>\n<div dir=\"auto\">5 Meter rotes Kabel (vom Solarpanel zum Laderegler)<\/div>\n<div dir=\"auto\">5 Meter schwarzes Kabel (vom Solarpanel zum Laderegler)<\/div>\n<div dir=\"auto\">2,5 Meter rotes Kabel (vom Laderegler zur Batterie)<\/div>\n<div dir=\"auto\">2,5 Meter schwarzes Kabel (vom Laderegler zur Batterie)<\/div>\n<div dir=\"auto\">Alle Kabel mit Steckverbindern<\/div>\n<div dir=\"auto\">\n<p><strong>Informationen \u00fcber das Panel:<\/strong><\/p>\n<ul>\n<li>Merk zonnepaneel: Renogy<\/li>\n<li>Max Power at STC (Pmax): 100W<\/li>\n<li>Open-Circuit Voltage (Voc): 22,3V<\/li>\n<li>Optimum Operating Voltage (Vmp): 18,6V<\/li>\n<li>Optimum Operating Current (Imp): 5,38A<\/li>\n<li>Short-Circuit Current (Isc): 5,86A<\/li>\n<li>Gewicht: 6,5kg<\/li>\n<li>Afmetingen: 108 x 50 x 3,5 cm<\/li>\n<li>Monokristallin<\/li>\n<\/ul>\n<p><strong>Informationen \u00fcber den Laderegler<\/strong><br \/>\nMit dem MPPT-Laderegler von Victron Energy erh\u00f6hen Sie die Energieausbeute um 30 % im Vergleich zu PWM-Ladereglern. Au\u00dferdem ist der MPPT-Laderegler von Victron Energy 10 % effizienter als langsamere MPPT-Laderegler.<br \/>\nDem Laderegler liegt eine Bedienungsanleitung bei, diese Anleitung ist sowohl auf Niederl\u00e4ndisch als auch auf Englisch verf\u00fcgbar.<br \/>\n\u00dcber die App von Victron Energy k\u00f6nnen Sie auch sehen, wie viel Strom die Solarmodule erzeugen. Die App hei\u00dft \u201eVictronConnect\u201c und ist einfach im App- und Playstore herunterzuladen.<\/p>\n<p><strong>Informationen \u00fcber das Kabel<\/strong><\/p>\n<ul>\n<li>Das Kabel enth\u00e4lt alle Steckverbinder f\u00fcr den Anschluss. Au\u00dferdem ist eine Sicherung im Kabel eingebaut.<\/li>\n<li>Kabel vom Solarpanel zum Laderegler ist 6mm\u00b2.<\/li>\n<li>Kabel vom Laderegler zur Batterie ist 10mm\u00b2.<\/li>\n<\/ul>\n<p><strong>Informationen \u00fcber die Dachdurchf\u00fchrung<\/strong><br \/>\nBietet die M\u00f6glichkeit, das Kabel in den Wohnwagen oder das Boot zu f\u00fchren, ohne dass Wasser eindringt.<\/p>\n<\/div>\n<p><strong>Warum entscheiden Sie sich f\u00fcr uns?<br \/>\n<\/strong>Wij bieden een complete set aan voor een scherpe prijs, daarnaast kan u altijd bij ons terecht met vragen zowel voor als na de koop! Daarnaast bieden wij kwaliteit aan, wij hebben bewust gekozen voor het zeer goede merk Renogy!<br \/>\nOok kan u bij ons terecht voor al uw vragen.<\/p>\n<p><strong>Zus\u00e4tzliche Informationen<br \/>\n<\/strong>De laadregelaar is geschikt voor de volgende accu\u2019s: loodzuur, Lithium lifepo4 met interne bms,\u00a0AGM en GEL accu\u2019s.<\/p>\n<p>Schlie\u00dfen Sie niemals zwei verschiedene Arten von Paneelen an einen Laderegler an, also Paneele mit unterschiedlichen Spezifikationen. Aus Sicherheits- und Effizienzgr\u00fcnden.<\/p>","protected":false},"excerpt":{"rendered":"<p>Gaat u dit jaar weg met de boot, caravan of camper en wilt u niet zonder stroom zitten? Dan is deze zonnepanelen set ideaal, omdat de zonnepanelen automatisch uw accu opladen. De set is erg eenvoudig om aan te sluiten, ook al heeft u geen ervaring met zonnepanelen dit komt omdat de set plug-and-play is. [&hellip;]<\/p>\n","protected":false},"featured_media":3048,"comment_status":"open","ping_status":"closed","template":"","meta":{"wds_primary_product_brand":0,"wds_primary_product_cat":46},"product_brand":[],"product_cat":[46],"product_tag":[],"class_list":{"0":"post-3047","1":"product","2":"type-product","3":"status-publish","4":"has-post-thumbnail","6":"product_cat-geen-categorie","7":"pa_bluetooth-scherm-alleen-bluetooth","8":"pa_hoeveel-wp-400wp","9":"pa_merk-laadregelaar-victron-energy","10":"pa_vast-of-flexibel-vast","12":"first","13":"instock","14":"taxable","15":"shipping-taxable","16":"purchasable","17":"product-type-simple"},"_links":{"self":[{"href":"https:\/\/www.jadastroom.nl\/de\/wp-json\/wp\/v2\/product\/3047","targetHints":{"allow":["GET"]}}],"collection":[{"href":"https:\/\/www.jadastroom.nl\/de\/wp-json\/wp\/v2\/product"}],"about":[{"href":"https:\/\/www.jadastroom.nl\/de\/wp-json\/wp\/v2\/types\/product"}],"replies":[{"embeddable":true,"href":"https:\/\/www.jadastroom.nl\/de\/wp-json\/wp\/v2\/comments?post=3047"}],"wp:featuredmedia":[{"embeddable":true,"href":"https:\/\/www.jadastroom.nl\/de\/wp-json\/wp\/v2\/media\/3048"}],"wp:attachment":[{"href":"https:\/\/www.jadastroom.nl\/de\/wp-json\/wp\/v2\/media?parent=3047"}],"wp:term":[{"taxonomy":"product_brand","embeddable":true,"href":"https:\/\/www.jadastroom.nl\/de\/wp-json\/wp\/v2\/product_brand?post=3047"},{"taxonomy":"product_cat","embeddable":true,"href":"https:\/\/www.jadastroom.nl\/de\/wp-json\/wp\/v2\/product_cat?post=3047"},{"taxonomy":"product_tag","embeddable":true,"href":"https:\/\/www.jadastroom.nl\/de\/wp-json\/wp\/v2\/product_tag?post=3047"}],"curies":[{"name":"wp","href":"https:\/\/api.w.org\/{rel}","templated":true}]}}