{"id":2249,"date":"2021-11-23T20:33:26","date_gmt":"2021-11-23T19:33:26","guid":{"rendered":"https:\/\/jadastroom.nl\/?post_type=product&#038;p=2249"},"modified":"2026-02-25T10:59:35","modified_gmt":"2026-02-25T09:59:35","slug":"victron-agm-accu-12v-110ah","status":"publish","type":"product","link":"https:\/\/www.jadastroom.nl\/de\/winkel\/accus\/victron-agm-accu-12v-110ah\/","title":{"rendered":"Victron AGM Batterie 12V \/ 110Ah"},"content":{"rendered":"<p>Artikelnummer: BAT412101084<\/p>\n<p>Victron AGM 12V\/110Ah Deep-Cycle-Batterie mit M8-Gewindeeinsatzanschluss ausgestattet.<\/p>\n<p>Allgemeine Spezifikationen:<br \/>\nTechnologie: AGM<br \/>\nNennakkukapazit\u00e4t (Ah)*: 110<br \/>\nBatteriespannung (V): 12<br \/>\nAnschluss: Kupfer<br \/>\nAbmessungen LxBxH (mm): 330 x 171 x 220<br \/>\nGewicht (kg): 32<br \/>\nCCA&lt; @0\u00b0F: 500<br \/>\nRES CAP @80\u00b0F: 170<\/p>\n<p>* Nennkapazit\u00e4t: 20 Stunden Entladung bei 25\u00b0C<\/p>\n<p>Die Victron 12V\/110Ah AGM-Batterie ist eine geschlossene Batterie mit einer Kapazit\u00e4t von 110Ah auf Basis der VRLA-Technologie. Eine AGM-Batterie wird auch als Multi-Purpose- oder Dual-Purpose-Batterie bezeichnet und eignet sich sowohl f\u00fcr langsame Entladung als auch f\u00fcr die kurzzeitige Bereitstellung hoher Str\u00f6me, z. B. f\u00fcr Wechselrichter, Bugstrahlruder und Winden. Die Batterieanschl\u00fcsse bestehen aus Kupfer mit Bohrungen f\u00fcr M8-Schrauben, um einen guten Kontakt zu gew\u00e4hrleisten. Kabelschuhe k\u00f6nnen direkt an der Batterie montiert werden, Batteriepole sind nicht erforderlich. Die Batterien entsprechen sowohl den europ\u00e4ischen CE- als auch den amerikanischen UL-Spezifikationen in flammhemmenden ABS-Geh\u00e4usen und werden mit der weltweiten 2-Jahres-Garantie von Victron Energy geliefert.<\/p>\n<p>AGM steht f\u00fcr Absorbed Glass Mat.<br \/>\nIn AGM-Batterien ist der Elektrolyt in einer Glasfasermatte absorbiert, die zwischen den Platten eingeklemmt ist. In einer AGM-Batterie bewegen sich die Ladungstr\u00e4ger, Wasserstoffionen (H\u2082) und Sulfationen (SO\u2084), leichter zwischen den Platten als in einer Gel-Batterie.<\/p>\n<p>VRLA-Technologie<br \/>\nVRLA steht f\u00fcr Valve Regulated Lead Acid. Das bedeutet, dass die Batterien geschlossen sind. Nur bei falschem Laden und\/oder defekten Zellen kann Gas \u00fcber ein Sicherheitsventil entweichen. VRLA-Batterien sind w\u00e4hrend ihrer gesamten Lebensdauer wartungsfrei.<\/p>\n<p>Geringe Selbstentladung<br \/>\nDurch die Verwendung von Bleikalciumgittern und sehr reinen Materialien k\u00f6nnen Victron VRLA-Batterien lange Zeitr\u00e4ume ohne Aufladung problemlos \u00fcberstehen. Die Selbstentladung betr\u00e4gt weniger als 2 % pro Monat bei einer Temperatur von 20 \u00b0C. Diese Entladungsrate verdoppelt sich bei jeder Temperaturerh\u00f6hung um 10 \u00b0C. Victron VRLA-Batterien k\u00f6nnen daher bis zu einem Jahr gelagert werden, ohne erneut geladen werden zu m\u00fcssen \u2013 vorausgesetzt, dies geschieht bei relativ niedrigen Temperaturen.<br \/>\nAu\u00dfergew\u00f6hnliche Wiederherstellung nach Entladung<\/p>\n<p>Victron VRLA-Batterien erholen sich sehr gut, selbst nach tiefen und langanhaltenden Entladungen. Dennoch hat wiederholtes tiefes und langes Entladen einen negativen Einfluss auf die Lebensdauer aller Blei-Schwefels\u00e4ure-Batterien. Victron-Batterien bilden hierbei keine Ausnahme.<\/p>\n<p>Entladeeigenschaften der Batterie<br \/>\nDie Nennkapazit\u00e4t von Victron \u201eDeep Cycle\u201c-Batterien bezieht sich auf eine Entladung \u00fcber 20 Stunden (Entladestrom von 0,05C). Die Nennkapazit\u00e4t von Victron Tubular Plate Long Life Batterien bezieht sich auf eine Entladung \u00fcber 10 Stunden. Die effektive Kapazit\u00e4t nimmt ab, je h\u00f6her der Entladestrom ist.<\/p>\n<p>Ladestrom<br \/>\nDer Ladestrom einer VRLA-Batterie sollte 0,2C (20A f\u00fcr eine 100-Ah-Batterie) nicht \u00fcberschreiten. Die Temperatur einer Batterie steigt um mehr als 10 \u00b0C, wenn der Ladestrom 0,2C \u00fcberschreitet, und dann ist eine Temperaturkompensation erforderlich.<\/p>\n<p>&nbsp;<\/p>","protected":false},"excerpt":{"rendered":"<p>Artikelnummer: BAT412101084 Victron AGM 12V\/110Ah Deep Cycle accu voorzien van een schroefdraad inzet aansluiting M8. Algemene specificaties: Technologie: vlakke plaat AGM Nominale accucapaciteit (Ah)*: 110 Accuspanning (V): 12 Aansluiting: koper Afmetingen LxBxH (mm): 330 x 171 x 220 Gewicht (kg): 32 CCA&lt; @0\u00b0F: 500 RES CAP @80\u00b0F: 170 * Nominale Capaciteit: 20u ontlading bij 25\u00b0C [&hellip;]<\/p>\n","protected":false},"featured_media":3885,"comment_status":"open","ping_status":"closed","template":"","meta":{"wds_primary_product_brand":0,"wds_primary_product_cat":140},"product_brand":[],"product_cat":[140],"product_tag":[],"class_list":{"0":"post-2249","1":"product","2":"type-product","3":"status-publish","4":"has-post-thumbnail","6":"product_cat-accus","7":"pa_ah-accu-110-ah","8":"pa_merk-accu-victron-energy","9":"pa_type-accu-agm","11":"first","12":"instock","13":"taxable","14":"shipping-taxable","15":"purchasable","16":"product-type-simple"},"_links":{"self":[{"href":"https:\/\/www.jadastroom.nl\/de\/wp-json\/wp\/v2\/product\/2249","targetHints":{"allow":["GET"]}}],"collection":[{"href":"https:\/\/www.jadastroom.nl\/de\/wp-json\/wp\/v2\/product"}],"about":[{"href":"https:\/\/www.jadastroom.nl\/de\/wp-json\/wp\/v2\/types\/product"}],"replies":[{"embeddable":true,"href":"https:\/\/www.jadastroom.nl\/de\/wp-json\/wp\/v2\/comments?post=2249"}],"wp:featuredmedia":[{"embeddable":true,"href":"https:\/\/www.jadastroom.nl\/de\/wp-json\/wp\/v2\/media\/3885"}],"wp:attachment":[{"href":"https:\/\/www.jadastroom.nl\/de\/wp-json\/wp\/v2\/media?parent=2249"}],"wp:term":[{"taxonomy":"product_brand","embeddable":true,"href":"https:\/\/www.jadastroom.nl\/de\/wp-json\/wp\/v2\/product_brand?post=2249"},{"taxonomy":"product_cat","embeddable":true,"href":"https:\/\/www.jadastroom.nl\/de\/wp-json\/wp\/v2\/product_cat?post=2249"},{"taxonomy":"product_tag","embeddable":true,"href":"https:\/\/www.jadastroom.nl\/de\/wp-json\/wp\/v2\/product_tag?post=2249"}],"curies":[{"name":"wp","href":"https:\/\/api.w.org\/{rel}","templated":true}]}}