{"id":2243,"date":"2021-11-23T20:22:14","date_gmt":"2021-11-23T19:22:14","guid":{"rendered":"https:\/\/jadastroom.nl\/?post_type=product&#038;p=2243"},"modified":"2024-06-28T18:31:55","modified_gmt":"2024-06-28T16:31:55","slug":"pwm-victron-1","status":"publish","type":"product","link":"https:\/\/www.jadastroom.nl\/de\/winkel\/geen-categorie\/pwm-victron-1\/","title":{"rendered":"LCD &amp; USB &#8211; Victron Energy PWM Laadregelaar &#8211; Set Flexibel Zonnepaneel 100Wp"},"content":{"rendered":"<p>Artikelnummer: JaDa9501144741855<\/p>\n<p><strong>Alle Vorteile auf einen Blick:<br \/>\n<\/strong><\/p>\n<ul>\n<li>Das Set ist Plug &amp; Play<\/li>\n<li>Das Set wird mit einer Schritt-f\u00fcr-Schritt-Anleitung, einer technischen Zeichnung und einer Anleitung von Victron Energy geliefert.<\/li>\n<li>Het paneel werkt ook bij bewolkte dagen<\/li>\n<li>Der Victron Energy Laderegler ist mit zwei USB-Anschl\u00fcssen und einem LCD-Display ausgestattet.<\/li>\n<li>Dieses Set verf\u00fcgt \u00fcber eine Sicherung und alle Produkte tragen das CE-Zeichen.<\/li>\n<li>Ben\u00f6tigen Sie mehr oder weniger Solarkabel? Teilen Sie uns dies im Voraus mit, da dies ebenfalls m\u00f6glich ist.<\/li>\n<\/ul>\n<p><strong>Dieses Set enth\u00e4lt<\/strong><\/p>\n<ul>\n<li>1 x zonnepaneel 100Wp<\/li>\n<li>1 x Victron BlueSolar PWM-LCD&amp;USB 12\/24V-10A (inklusive Bedienungsanleitung)<\/li>\n<li>1 x schematische tekening + stapgewijze instructie<\/li>\n<li>1 x Dachdurchf\u00fchrung<\/li>\n<li>5 Meter rotes Kabel (vom Solarpanel zum Laderegler)<\/li>\n<li>5 Meter schwarzes Kabel (vom Solarpanel zum Laderegler)<\/li>\n<li>2,5 Meter rotes Kabel (vom Laderegler zur Batterie)<\/li>\n<li>2,5 Meter schwarzes Kabel (vom Laderegler zur Batterie)<\/li>\n<li>Alle Kabel mit Steckverbindern<\/li>\n<li>Altijd technische ondersteuning door JaDa Consumentenartikelen<\/li>\n<\/ul>\n<p><strong>Informationen \u00fcber das Panel:<\/strong><\/p>\n<ul>\n<li>Maximum Power (Pmax) 100 W<\/li>\n<li>Open Circuit Voltage (Voc) 22,50 V<\/li>\n<li>Short Circuit Current (Isc) 5,81 A<\/li>\n<li>Maximum Power Voltage (Vmp) 18,00 V<\/li>\n<li>Maximum Power Current (Imp) 5,56 A<\/li>\n<li>Afmetingen: 1180 * 540 * 2MM<\/li>\n<li>Gewicht: 1,10kg<\/li>\n<li>Panel ist flexibel<\/li>\n<li>Monokristallin<\/li>\n<\/ul>\n<p><strong>Informationen \u00fcber den Laderegler<br \/>\n<\/strong>Der Laderegler verf\u00fcgt \u00fcber ein LCD-Display zur Status\u00fcberwachung und Einstellung. Au\u00dferdem hat der Laderegler zwei USB-Anschl\u00fcsse. Der Solarregler ist mit einer automatischen Lastabschaltung ausgestattet.<br \/>\nSchutz vor \u00dcberstrom, Kurzschluss und falschem Polarit\u00e4tsanschluss der Solarmodule und\/oder Batterie.<\/p>\n<p><strong>Informationen \u00fcber das Kabel<\/strong><\/p>\n<ul>\n<li>Das Kabel enth\u00e4lt alle Steckverbinder f\u00fcr den Anschluss. Au\u00dferdem ist eine Sicherung im Kabel eingebaut.<\/li>\n<li>Kabel vom Solarpanel zum Laderegler ist 4mm\u00b2.<\/li>\n<li>Kabel van laadregelaar naar accu is 4mm2.<\/li>\n<\/ul>\n<p><strong>Informationen \u00fcber die Dachdurchf\u00fchrung<\/strong><br \/>\nBietet die M\u00f6glichkeit, das Kabel in den Wohnwagen oder das Boot zu f\u00fchren, ohne dass Wasser eindringt.<\/p>\n<p><strong>Praktisch zu wissen<\/strong><\/p>\n<ul>\n<li>Die Paneele k\u00f6nnen mit Dichtmasse befestigt werden oder \u00fcber die Befestigungspunkte an der Seite<\/li>\n<li>Dieses Set ist f\u00fcr ein 12V System<\/li>\n<\/ul>\n<p><strong>Warum entscheiden Sie sich f\u00fcr uns?<\/strong><\/p>\n<p>JaDa Consumentenartikelen biedt een complete zonnepanelen set aan voor een scherpe prijs, daarnaast kan u altijd bij ons terecht met vragen zowel voor als na de koop! Daarnaast staan wij voor kwaliteit, wij hebben er bewust voor gekozen om een weerbestendig paneel aan te bieden. Dit is ook te zien aan de Victron Energy laadregelaar, een van de beste merken op de markt.<\/p>\n<p><strong>Zus\u00e4tzliche Informationen<\/strong><br \/>\nDer Laderegler ist geeignet f\u00fcr folgende Batterien: AGM, GEL, Nassbatterien oder LiFePO4-Batterien (nur f\u00fcr Lithium-Batterien mit internem BMS).<\/p>\n<p>Schlie\u00dfen Sie niemals zwei verschiedene Arten von Paneelen an einen Laderegler an, also Paneele mit unterschiedlichen Spezifikationen. Aus Sicherheits- und Effizienzgr\u00fcnden.<\/p>\n<p class=\"translation-block\">Die Solarmodule k\u00f6nnen hei\u00df werden.\nAchten Sie darauf, dass die Oberfl\u00e4che, auf der die Solarmodule montiert werden, dies aush\u00e4lt. Andernfalls kann die Farbe beispielsweise Blasen werfen.<\/p>\n<p>Wenn Sie Dichtmasse zur Befestigung verwenden: w\u00e4hlen Sie eine hitze- und UV-best\u00e4ndige Dichtmasse, z. B. Sikaflex 252 (pr\u00fcfen Sie auch, ob die Dichtmasse auf Ihrer Oberfl\u00e4che verklebt werden kann).<\/p>","protected":false},"excerpt":{"rendered":"<p>Artikelnummer: JaDa9501144741855 Alle voordelen op een rijtje: De set is plug &amp; play De set wordt geleverd met een stapgewijze instructie, een schematische tekening en een handleiding van Victron Energy Het paneel werkt ook bij bewolkte dagen De Victron Energy laadregelaar is voorzien van twee USB poorten en een LCD scherm Deze set heeft een [&hellip;]<\/p>\n","protected":false},"featured_media":2538,"comment_status":"open","ping_status":"closed","template":"","meta":{"wds_primary_product_brand":0,"wds_primary_product_cat":139},"product_brand":[],"product_cat":[46],"product_tag":[],"class_list":{"0":"post-2243","1":"product","2":"type-product","3":"status-publish","4":"has-post-thumbnail","6":"product_cat-geen-categorie","7":"pa_bluetooth-scherm-alleen-scherm","8":"pa_hoeveel-wp-100wp","9":"pa_merk-laadregelaar-victron-energy","10":"pa_type-laadregelaar-pwm","11":"pa_vast-of-flexibel-flexibel","13":"first","14":"instock","15":"taxable","16":"shipping-taxable","17":"purchasable","18":"product-type-simple"},"_links":{"self":[{"href":"https:\/\/www.jadastroom.nl\/de\/wp-json\/wp\/v2\/product\/2243","targetHints":{"allow":["GET"]}}],"collection":[{"href":"https:\/\/www.jadastroom.nl\/de\/wp-json\/wp\/v2\/product"}],"about":[{"href":"https:\/\/www.jadastroom.nl\/de\/wp-json\/wp\/v2\/types\/product"}],"replies":[{"embeddable":true,"href":"https:\/\/www.jadastroom.nl\/de\/wp-json\/wp\/v2\/comments?post=2243"}],"wp:featuredmedia":[{"embeddable":true,"href":"https:\/\/www.jadastroom.nl\/de\/wp-json\/wp\/v2\/media\/2538"}],"wp:attachment":[{"href":"https:\/\/www.jadastroom.nl\/de\/wp-json\/wp\/v2\/media?parent=2243"}],"wp:term":[{"taxonomy":"product_brand","embeddable":true,"href":"https:\/\/www.jadastroom.nl\/de\/wp-json\/wp\/v2\/product_brand?post=2243"},{"taxonomy":"product_cat","embeddable":true,"href":"https:\/\/www.jadastroom.nl\/de\/wp-json\/wp\/v2\/product_cat?post=2243"},{"taxonomy":"product_tag","embeddable":true,"href":"https:\/\/www.jadastroom.nl\/de\/wp-json\/wp\/v2\/product_tag?post=2243"}],"curies":[{"name":"wp","href":"https:\/\/api.w.org\/{rel}","templated":true}]}}