{"id":2239,"date":"2021-11-23T20:13:16","date_gmt":"2021-11-23T19:13:16","guid":{"rendered":"https:\/\/jadastroom.nl\/?post_type=product&#038;p=2239"},"modified":"2026-04-14T15:47:14","modified_gmt":"2026-04-14T13:47:14","slug":"bluetooth-victron-energy-set-van-2","status":"publish","type":"product","link":"https:\/\/www.jadastroom.nl\/de\/winkel\/zonnepanelensets\/bluetooth-victron-energy-set-van-2\/","title":{"rendered":"Bluetooth \u2013 Victron Energy MPPT Laderegler \u2013 Flexibles Solarpanel-Set 220Wp \u2013 5 Jahre Garantie"},"content":{"rendered":"<p>Artikelnummer JaDa9504984192641<\/p>\n<p style=\"text-align: left;\" class=\"translation-block\">Planen Sie dieses Jahr mit dem Boot, Wohnwagen oder Camper wegzufahren und m\u00f6chten Sie nicht ohne Strom dastehen? Dann ist dieses Solarpanel-Set ideal, da es Ihre Batterie automatisch aufl\u00e4dt. Das Set ist sehr einfach anzuschlie\u00dfen, auch wenn Sie keine Erfahrung mit Solarpanels haben! Dies liegt daran, dass das Set Plug-and-Play ist. Au\u00dferdem wird das Set mit einer Schritt-f\u00fcr-Schritt-Anleitung, einem Schaltplan und einer Bedienungsanleitung f\u00fcr den Laderegler geliefert. Sollten Sie noch Fragen zur Installation haben, steht Ihnen das JaDaStroom-Team jederzeit zur Verf\u00fcgung! \u00dcber die App von Victron Energy k\u00f6nnen Sie sehen, wie viel Strom die Solarpanels erzeugen. Die Kabel des Solarpanels sind 30 cm lang, sodass kein loses Kabel auf dem Dach liegt (Verl\u00e4ngerungen k\u00f6nnen wir bei Bedarf liefern). Das Solarpanel-Set hat eine Garantie von 5 Jahren.<\/p>\n<p><strong>Dieses Set enth\u00e4lt<\/strong><\/p>\n<ul>\n<li>2 x JaDaStroom flexibles Solarpanel 110Wp<\/li>\n<li>1 x MPPT-Laderegler Victron Energy 75\/15 mit Bluetooth (inklusive Bedienungsanleitung)<\/li>\n<li>1 x Schaltplan<\/li>\n<li>1 x Dachdurchf\u00fchrung<\/li>\n<li>5 Meter rotes Kabel (vom Solarpanel zum Laderegler)<\/li>\n<li>5 Meter schwarzes Kabel (vom Solarpanel zum Laderegler)<\/li>\n<li>2,5 Meter rotes Kabel (vom Laderegler zur Batterie)<\/li>\n<li>2,5 Meter schwarzes Kabel (vom Laderegler zur Batterie)<\/li>\n<li>Alle Kabel mit Steckverbindern<\/li>\n<li>Immer technische Unterst\u00fctzung durch JaDaStroom<\/li>\n<\/ul>\n<p><strong>Informationen \u00fcber das Panel:<\/strong><\/p>\n<ul>\n<li>Maximum Power (Pmax) 110Wp<\/li>\n<li>Open Circuit Voltage (Voc) 24,50V<\/li>\n<li>Short Circuit Current (Isc) 5,53A<\/li>\n<li>Maximum Power Voltage (Vmp) 20,9V<\/li>\n<li>Maximum Power Current (Imp) 5,27A<\/li>\n<li>Abmessungen: 108 * 54 * 0,2cm<\/li>\n<li>L\u00e4nge der Solarpanel-Kabel: 30cm<\/li>\n<li>Gewicht: 2kg<\/li>\n<li>Panel ist flexibel<\/li>\n<li>Monokristallin<\/li>\n<li>Marke: JaDaStroom<\/li>\n<\/ul>\n<p class=\"translation-block\"><strong>Informationen \u00fcber den Laderegler<\/strong><br>\nMit dem MPPT-Laderegler von Victron Energy erh\u00f6hen Sie die Energieausbeute um 30 % im Vergleich zu PWM-Ladereglern. Au\u00dferdem ist der MPPT-Laderegler von Victron Energy 10 % effizienter als langsamere MPPT-Laderegler. Dem Laderegler liegt eine Bedienungsanleitung bei, diese Anleitung ist sowohl auf Niederl\u00e4ndisch als auch auf Englisch verf\u00fcgbar. \u00dcber die Victron Energy-App k\u00f6nnen Sie auch sehen, wie viel Strom die Solarmodule erzeugen. Die App hei\u00dft \u201eVictronConnect\u201c und ist einfach im App- und Playstore herunterzuladen. Au\u00dferdem ist im Laderegler eine Sicherung eingebaut.<\/p>\n<p><strong>Informationen \u00fcber das Kabel<\/strong><\/p>\n<ul>\n<li>Das Kabel enth\u00e4lt alle Steckverbinder f\u00fcr den Anschluss. Au\u00dferdem ist eine Sicherung im Kabel eingebaut.<\/li>\n<li>Kabel vom Solarpanel zum Laderegler ist 4mm\u00b2.<\/li>\n<li>Kabel vom Laderegler zur Batterie ist 6mm\u00b2.<\/li>\n<\/ul>\n<p><strong>Informationen \u00fcber die Dachdurchf\u00fchrung<\/strong><br \/>\nBietet die M\u00f6glichkeit, das Kabel in den Wohnwagen oder das Boot zu f\u00fchren, ohne dass Wasser eindringt.<\/p>\n<p><strong>Praktisch zu wissen<\/strong><\/p>\n<ul>\n<li>Die Paneele k\u00f6nnen mit Dichtmasse befestigt werden oder \u00fcber die Befestigungspunkte an der Seite<\/li>\n<li>Dieses Set ist f\u00fcr ein 12V- und ein 24V-System<\/li>\n<\/ul>\n<p><strong>Warum entscheiden Sie sich f\u00fcr uns?<\/strong><\/p>\n<p>JaDaStroom bietet ein komplettes Plug-and-Play-Solarmodul-Set zu einem attraktiven Preis an. Au\u00dferdem k\u00f6nnen Sie sich jederzeit mit Fragen sowohl vor als auch nach dem Kauf an uns wenden! Dar\u00fcber hinaus stehen wir f\u00fcr Qualit\u00e4t: Wir haben bewusst ein wetterfestes Paneel gew\u00e4hlt. Dies zeigt sich auch am Victron Energy-Laderegler, einer der besten Marken auf dem Markt. Zudem bietet JaDaStroom 5 Jahre Garantie auf dieses Solarmodul-Set.<\/p>\n<p><strong>Zus\u00e4tzliche Informationen<br \/>\n<\/strong>Der Laderegler ist geeignet f\u00fcr folgende Batterien: Blei-S\u00e4ure, Lithium LiFePO4 mit internem BMS, AGM und GEL-Batterien.<\/p>\n<p>Schlie\u00dfen Sie niemals zwei verschiedene Arten von Paneelen an einen Laderegler an, also Paneele mit unterschiedlichen Spezifikationen. Aus Sicherheits- und Effizienzgr\u00fcnden.<\/p>\n<p class=\"translation-block\">Die Solarmodule k\u00f6nnen hei\u00df werden.\nAchten Sie darauf, dass die Oberfl\u00e4che, auf der die Solarmodule montiert werden, dies aush\u00e4lt. Andernfalls kann die Farbe beispielsweise Blasen werfen.<\/p>\n<p>Wenn Sie Dichtmasse zur Befestigung verwenden: w\u00e4hlen Sie eine hitze- und UV-best\u00e4ndige Dichtmasse, z. B. Sikaflex 252 (pr\u00fcfen Sie auch, ob die Dichtmasse auf Ihrer Oberfl\u00e4che verklebt werden kann).<\/p>\n<p><a href=\"https:\/\/www.jadastroom.nl\/de\/produkt-kategorie\/zonnepanelensets\/\" target=\"_blank\" rel=\"noopener\">Entdecken Sie alle Solaranlagen f\u00fcr Wohnmobile und Boote<\/a><\/p>","protected":false},"excerpt":{"rendered":"<p>Artikelnummer: JaDa9504984192641 Gaat u dit jaar weg met de boot, caravan of camper en wilt u niet zonder stroom zitten? Dan is deze zonnepanelen set ideaal, omdat de zonnepanelen set automatisch uw accu oplaad. De set is erg eenvoudig om aan te sluiten, ook al heeft u geen ervaring met zonnepanelen! Dit komt omdat de [&hellip;]<\/p>\n","protected":false},"featured_media":32980,"comment_status":"open","ping_status":"closed","template":"","meta":{"wds_primary_product_brand":0,"wds_primary_product_cat":139},"product_brand":[],"product_cat":[139],"product_tag":[],"class_list":{"0":"post-2239","1":"product","2":"type-product","3":"status-publish","4":"has-post-thumbnail","6":"product_cat-zonnepanelensets","7":"pa_bluetooth-scherm-alleen-bluetooth","8":"pa_hoeveel-wp-200wp","9":"pa_merk-laadregelaar-victron-energy","10":"pa_type-laadregelaar-mppt","11":"pa_vast-of-flexibel-flexibel","13":"first","14":"instock","15":"taxable","16":"shipping-taxable","17":"purchasable","18":"product-type-simple"},"_links":{"self":[{"href":"https:\/\/www.jadastroom.nl\/de\/wp-json\/wp\/v2\/product\/2239","targetHints":{"allow":["GET"]}}],"collection":[{"href":"https:\/\/www.jadastroom.nl\/de\/wp-json\/wp\/v2\/product"}],"about":[{"href":"https:\/\/www.jadastroom.nl\/de\/wp-json\/wp\/v2\/types\/product"}],"replies":[{"embeddable":true,"href":"https:\/\/www.jadastroom.nl\/de\/wp-json\/wp\/v2\/comments?post=2239"}],"wp:featuredmedia":[{"embeddable":true,"href":"https:\/\/www.jadastroom.nl\/de\/wp-json\/wp\/v2\/media\/32980"}],"wp:attachment":[{"href":"https:\/\/www.jadastroom.nl\/de\/wp-json\/wp\/v2\/media?parent=2239"}],"wp:term":[{"taxonomy":"product_brand","embeddable":true,"href":"https:\/\/www.jadastroom.nl\/de\/wp-json\/wp\/v2\/product_brand?post=2239"},{"taxonomy":"product_cat","embeddable":true,"href":"https:\/\/www.jadastroom.nl\/de\/wp-json\/wp\/v2\/product_cat?post=2239"},{"taxonomy":"product_tag","embeddable":true,"href":"https:\/\/www.jadastroom.nl\/de\/wp-json\/wp\/v2\/product_tag?post=2239"}],"curies":[{"name":"wp","href":"https:\/\/api.w.org\/{rel}","templated":true}]}}