{"id":2948,"date":"2022-02-26T15:12:57","date_gmt":"2022-02-26T14:12:57","guid":{"rendered":"https:\/\/jadastroom.nl\/?page_id=2948"},"modified":"2023-07-10T19:43:04","modified_gmt":"2023-07-10T17:43:04","slug":"faq","status":"publish","type":"page","link":"https:\/\/www.jadastroom.nl\/de\/faq\/","title":{"rendered":"FAQ"},"content":{"rendered":"<div data-elementor-type=\"wp-page\" data-elementor-id=\"2948\" class=\"elementor elementor-2948\" data-elementor-post-type=\"page\">\n\t\t\t\t\t\t<section class=\"elementor-section elementor-top-section elementor-element elementor-element-2056b elementor-section-height-min-height elementor-section-boxed elementor-section-height-default elementor-section-items-middle\" data-id=\"2056b\" data-element_type=\"section\" data-e-type=\"section\" data-settings=\"{&quot;background_background&quot;:&quot;classic&quot;,&quot;jet_parallax_layout_list&quot;:[]}\">\n\t\t\t\t\t\t\t<div class=\"elementor-background-overlay\"><\/div>\n\t\t\t\t\t\t\t<div class=\"elementor-container elementor-column-gap-default\">\n\t\t\t\t\t<div class=\"elementor-column elementor-col-100 elementor-top-column elementor-element elementor-element-22c038b7\" data-id=\"22c038b7\" data-element_type=\"column\" data-e-type=\"column\">\n\t\t\t<div class=\"elementor-widget-wrap elementor-element-populated\">\n\t\t\t\t\t\t<div class=\"elementor-element elementor-element-7dd8ef15 elementor-widget elementor-widget-text-editor\" data-id=\"7dd8ef15\" data-element_type=\"widget\" data-e-type=\"widget\" data-widget_type=\"text-editor.default\">\n\t\t\t\t<div class=\"elementor-widget-container\">\n\t\t\t\t\t\t\t\t\t<p>H\u00e4ufig gestellte Fragen\u00a0<b>FAQ<\/b><\/p>\t\t\t\t\t\t\t\t<\/div>\n\t\t\t\t<\/div>\n\t\t\t\t\t<\/div>\n\t\t<\/div>\n\t\t\t\t\t<\/div>\n\t\t<\/section>\n\t\t\t\t<section class=\"elementor-section elementor-top-section elementor-element elementor-element-f12acd5 elementor-section-boxed elementor-section-height-default elementor-section-height-default\" data-id=\"f12acd5\" data-element_type=\"section\" data-e-type=\"section\" data-settings=\"{&quot;background_background&quot;:&quot;classic&quot;,&quot;jet_parallax_layout_list&quot;:[]}\">\n\t\t\t\t\t\t<div class=\"elementor-container elementor-column-gap-default\">\n\t\t\t\t\t<div class=\"elementor-column elementor-col-100 elementor-top-column elementor-element elementor-element-31343fd9\" data-id=\"31343fd9\" data-element_type=\"column\" data-e-type=\"column\">\n\t\t\t<div class=\"elementor-widget-wrap elementor-element-populated\">\n\t\t\t\t\t\t<div class=\"elementor-element elementor-element-420f7202 elementor-widget elementor-widget-woocommerce-breadcrumb\" data-id=\"420f7202\" data-element_type=\"widget\" data-e-type=\"widget\" data-widget_type=\"woocommerce-breadcrumb.default\">\n\t\t\t\t<div class=\"elementor-widget-container\">\n\t\t\t\t\t<nav class=\"woocommerce-breadcrumb\" aria-label=\"Breadcrumb\" data-no-translation=\"\" data-trp-gettext=\"\">Start<\/nav>\t\t\t\t<\/div>\n\t\t\t\t<\/div>\n\t\t\t\t\t<\/div>\n\t\t<\/div>\n\t\t\t\t\t<\/div>\n\t\t<\/section>\n\t\t\t\t<section class=\"elementor-section elementor-top-section elementor-element elementor-element-42ae3b8 elementor-section-boxed elementor-section-height-default elementor-section-height-default\" data-id=\"42ae3b8\" data-element_type=\"section\" data-e-type=\"section\" data-settings=\"{&quot;jet_parallax_layout_list&quot;:[]}\">\n\t\t\t\t\t\t<div class=\"elementor-container elementor-column-gap-default\">\n\t\t\t\t\t<div class=\"elementor-column elementor-col-100 elementor-top-column elementor-element elementor-element-ff7b146\" data-id=\"ff7b146\" data-element_type=\"column\" data-e-type=\"column\">\n\t\t\t<div class=\"elementor-widget-wrap elementor-element-populated\">\n\t\t\t\t\t\t<div class=\"elementor-element elementor-element-8a3aa3a elementor-widget elementor-widget-elementskit-faq\" data-id=\"8a3aa3a\" data-element_type=\"widget\" data-e-type=\"widget\" data-widget_type=\"elementskit-faq.default\">\n\t\t\t\t<div class=\"elementor-widget-container\">\n\t\t\t\t\t<div class=\"ekit-wid-con\" >\n                <div class=\"elementskit-single-faq elementor-repeater-item-3f236db\">\n            <div class=\"elementskit-faq-header\">\n                <h2 class=\"elementskit-faq-title\">Wie installiere ich ein Solarmodul-Set von JaDa Stroom?<\/h2>\n            <\/div>\n            <div class=\"elementskit-faq-body translation-block\">Ein Solarmodul-Set von JaDa Stroom ist einfach zu installieren, dies k\u00f6nnen Sie in diesem Blog nachlesen. Sollten Sie noch Fragen haben, kontaktieren Sie bitte einen unserer Experten!<\/div>\n        <\/div>\n                <div class=\"elementskit-single-faq elementor-repeater-item-f9767e9\">\n            <div class=\"elementskit-faq-header\">\n                <h2 class=\"elementskit-faq-title\">Wie w\u00e4hle ich das passende Solarmodul-Set f\u00fcr meinen Wohnwagen, Camper oder mein Boot aus?<\/h2>\n            <\/div>\n            <div class=\"elementskit-faq-body translation-block\">Bei der Auswahl eines geeigneten Solarmodul-Sets m\u00fcssen einige Punkte ber\u00fccksichtigt werden, dies k\u00f6nnen Sie in diesem Blog nachlesen. Sollten Sie noch Fragen haben, kontaktieren Sie bitte einen unserer Experten!<\/div>\n        <\/div>\n                <div class=\"elementskit-single-faq elementor-repeater-item-27872fc\">\n            <div class=\"elementskit-faq-header\">\n                <h2 class=\"elementskit-faq-title\">Wann lohnt sich ein Solarmodul-Set f\u00fcr ein Fahrzeug oder Boot?<\/h2>\n            <\/div>\n            <div class=\"elementskit-faq-body translation-block\">Oft lohnt sich ein Solarmodul-Set f\u00fcr ein Fahrzeug oder Boot, weitere Informationen dazu finden Sie in diesem Blog. Sollten Sie noch Fragen haben, kontaktieren Sie bitte einen unserer Experten!<\/div>\n        <\/div>\n                <div class=\"elementskit-single-faq elementor-repeater-item-0274c1a\">\n            <div class=\"elementskit-faq-header\">\n                <h2 class=\"elementskit-faq-title\">Wie befestige ich die Solarmodule?<\/h2>\n            <\/div>\n            <div class=\"elementskit-faq-body translation-block\">Flexible Solarmodule werden oft mit Dichtmasse befestigt, dabei wird h\u00e4ufig Sikaflex 252 verwendet. Pr\u00fcfen Sie immer, ob das Dichtmittel f\u00fcr die Oberfl\u00e4che, auf der die Solarmodule montiert werden, geeignet ist. Weitere Optionen sind die Befestigungspunkte an den flexiblen Solarmodulen oder Klettb\u00e4nder. Stellen Sie auf jeden Fall sicher, dass das Solarmodul nicht weggeweht werden kann. Die festen Solarmodule werden mit den Befestigungsb\u00fcgeln montiert, die im Set enthalten sind. Sollten Sie noch Fragen haben, kontaktieren Sie bitte einen unserer Experten!<\/div>\n        <\/div>\n                <div class=\"elementskit-single-faq elementor-repeater-item-b40acb9\">\n            <div class=\"elementskit-faq-header\">\n                <h2 class=\"elementskit-faq-title\">Welche Batterie und welchen 12\u202fV 230\u202fV Wechselrichter ben\u00f6tige ich? <\/h2>\n            <\/div>\n            <div class=\"elementskit-faq-body translation-block\">Derzeit gibt es daf\u00fcr noch keinen Blog, Sie k\u00f6nnen Ihre Fragen \u00fcber unser Kontaktformular stellen. Sollten Sie noch Fragen haben, kontaktieren Sie bitte einen unserer Experten!<\/div>\n        <\/div>\n                <div class=\"elementskit-single-faq elementor-repeater-item-34558e1\">\n            <div class=\"elementskit-faq-header\">\n                <h2 class=\"elementskit-faq-title\">Wo finde ich meinen Batterietyp, damit ich meinen Laderegler korrekt einstellen kann? <\/h2>\n            <\/div>\n            <div class=\"elementskit-faq-body translation-block\">Oft ist dies auf der Batterie angegeben oder auf der Website des Lieferanten &amp; Herstellers zu finden. Falls dies nicht der Fall ist, sollten Sie am besten beim Lieferanten oder Hersteller nachfragen. Bei den Batterien, die JaDa Stroom liefert, ist es immer angegeben! Sollten Sie noch Fragen haben, kontaktieren Sie bitte einen unserer Experten!<\/div>\n        <\/div>\n                <div class=\"elementskit-single-faq elementor-repeater-item-d7e9374\">\n            <div class=\"elementskit-faq-header\">\n                <h2 class=\"elementskit-faq-title\">Wie \u00e4ndere ich die Einstellungen am Laderegler? <\/h2>\n            <\/div>\n            <div class=\"elementskit-faq-body translation-block\">Dies unterscheidet sich je nach Laderegler; in der Bedienungsanleitung, die mit dem Set geliefert wird, finden Sie weitere Informationen dazu. Sollten Sie noch Fragen haben, kontaktieren Sie bitte einen unserer Experten!<\/div>\n        <\/div>\n                <div class=\"elementskit-single-faq elementor-repeater-item-10a210a\">\n            <div class=\"elementskit-faq-header\">\n                <h2 class=\"elementskit-faq-title\">Was sind die Abmessungen und das Gewicht der Solarmodule? <\/h2>\n            <\/div>\n            <div class=\"elementskit-faq-body translation-block\">Dies ist auf der Produktseite unter der \u00dcberschrift \u201eInformationen zum Panel:\u201c zu finden. Klicken Sie hier f\u00fcr alle Solarmodul-Sets. Sollten Sie noch Fragen haben, kontaktieren Sie bitte einen unserer Experten!<\/div>\n        <\/div>\n                <div class=\"elementskit-single-faq elementor-repeater-item-7ba43f7\">\n            <div class=\"elementskit-faq-header\">\n                <h2 class=\"elementskit-faq-title\">Was ist der Unterschied zwischen den verschiedenen Ladereglern? <\/h2>\n            <\/div>\n            <div class=\"elementskit-faq-body translation-block\">Der Unterschied zwischen den verschiedenen Ladereglern ist in diesem Blog unter der \u00dcberschrift \u201eOptionen pro Laderegler\u201c zu finden. Sollten Sie noch Fragen haben, kontaktieren Sie bitte einen unserer Experten!<\/div>\n        <\/div>\n                \n    <\/div>\t\t\t\t<\/div>\n\t\t\t\t<\/div>\n\t\t\t\t\t<\/div>\n\t\t<\/div>\n\t\t\t\t\t<\/div>\n\t\t<\/section>\n\t\t\t\t<\/div>","protected":false},"excerpt":{"rendered":"<p>Veel gestelde vragen &#8211;\u00a0FAQ Hoe installeer ik een zonnepanelen set van JaDa Stroom? Een zonnepanelen set van JaDa Stroom is makkelijk te installeren, dit is te lezen in deze blog. Mocht u nog vragen hebben neem dan contact op met een van de experts! Hoe kies ik de geschikte zonnepanelen set voor mijn caravan, camper [&hellip;]<\/p>\n","protected":false},"author":8,"featured_media":0,"parent":0,"menu_order":0,"comment_status":"closed","ping_status":"closed","template":"","meta":{"footnotes":""},"class_list":["post-2948","page","type-page","status-publish","hentry"],"_links":{"self":[{"href":"https:\/\/www.jadastroom.nl\/de\/wp-json\/wp\/v2\/pages\/2948","targetHints":{"allow":["GET"]}}],"collection":[{"href":"https:\/\/www.jadastroom.nl\/de\/wp-json\/wp\/v2\/pages"}],"about":[{"href":"https:\/\/www.jadastroom.nl\/de\/wp-json\/wp\/v2\/types\/page"}],"author":[{"embeddable":true,"href":"https:\/\/www.jadastroom.nl\/de\/wp-json\/wp\/v2\/users\/8"}],"replies":[{"embeddable":true,"href":"https:\/\/www.jadastroom.nl\/de\/wp-json\/wp\/v2\/comments?post=2948"}],"version-history":[{"count":0,"href":"https:\/\/www.jadastroom.nl\/de\/wp-json\/wp\/v2\/pages\/2948\/revisions"}],"wp:attachment":[{"href":"https:\/\/www.jadastroom.nl\/de\/wp-json\/wp\/v2\/media?parent=2948"}],"curies":[{"name":"wp","href":"https:\/\/api.w.org\/{rel}","templated":true}]}}